{"id":1069,"date":"2016-01-08T14:41:00","date_gmt":"2016-01-08T14:41:00","guid":{"rendered":"http:\/\/projectopy.com\/programacion\/?page_id=7"},"modified":"2023-07-02T03:19:07","modified_gmt":"2023-07-02T03:19:07","slug":"php-objects","status":"publish","type":"page","link":"https:\/\/iscodigo.com\/blog\/php-objects\/","title":{"rendered":"PHP con objetos"},"content":{"rendered":"\n<div class=\"wp-block-columns is-layout-flex wp-container-core-columns-is-layout-1 wp-block-columns-is-layout-flex\">\n<div class=\"wp-block-column is-layout-flow wp-block-column-is-layout-flow\" style=\"flex-basis:100%\">\n<table>\n<tbody>\n<tr>\n<td><b>Introducci\u00f3n a PHP<\/b><\/td>\n<td><b>Programaci\u00f3n Orientada a Objetos(POO)<\/b><\/td>\n<td><b>Elementos Web<\/b><\/td>\n<td><b>Elementos Avanzados<\/b><\/td>\n<\/tr>\n<tr>\n<td><a href=\"https:\/\/iscodigo.com\/blog\/php\/php-introduccion\/\" target=\"_blank\" rel=\"noopener\">PHP<\/a><\/td>\n<td><a href=\"https:\/\/iscodigo.com\/blog\/objetos\/paradigmas-de-programacion\/\" target=\"_blank\" rel=\"noopener\">Paradigmas de la Programaci\u00f3n<\/a><\/td>\n<td>Creaci\u00f3n de HTML<\/td>\n<td><a href=\"https:\/\/iscodigo.com\/blog\/objetos\/php-excepciones\/\" target=\"_blank\" rel=\"noopener\">Excepciones<\/a><\/td>\n<\/tr>\n<tr>\n<td><a href=\"https:\/\/iscodigo.com\/blog\/linux\/php-instalacion-de-ambiente-de-trabajo\/\">Instalaci\u00f3n de ambiente de trabajo<\/a><\/td>\n<td><a href=\"https:\/\/iscodigo.com\/blog\/objetos\/breve-historia-de-la-programacion-orientada-a-objetos\/\">Breve historia de la POO<\/a><\/td>\n<td><a href=\"https:\/\/iscodigo.com\/blog\/web\/formularios\/\" target=\"_blank\" rel=\"noopener\">Formularios<\/a><\/td>\n<td><a href=\"https:\/\/iscodigo.com\/blog\/php\/manejo-de-archivos\/\" target=\"_blank\" rel=\"noopener\">Archivos<\/a><\/td>\n<\/tr>\n<tr>\n<td><a href=\"https:\/\/iscodigo.com\/blog\/php\/php-tipo-datos\/\" target=\"_blank\" rel=\"noopener\">Tipos de datos<\/a><\/td>\n<td><a href=\"https:\/\/iscodigo.com\/blog\/objetos\/ventajas-y-desventajas-de-la-programacion-orientada-a-objetos\/\">Ventajas y desventajas de POO<\/a><\/td>\n<td><a href=\"https:\/\/iscodigo.com\/blog\/html\/subida-de-archivos-con-php\/\">Subida de Archivos<\/a><\/td>\n<td><a href=\"https:\/\/iscodigo.com\/blog\/php\/serializacion-de-objetos\/\" target=\"_blank\" rel=\"noopener\">Serializaci\u00f3n<\/a><\/td>\n<\/tr>\n<tr>\n<td><a href=\"https:\/\/iscodigo.com\/blog\/php\/php-variables\/\" target=\"_blank\" rel=\"noopener\">Variables<\/a><\/td>\n<td><a href=\"https:\/\/iscodigo.com\/blog\/objetos\/uml-diagrama-de-clases\/\" target=\"_blank\" rel=\"noopener\">Introducci\u00f3n a UML<\/a><\/td>\n<td><a href=\"https:\/\/iscodigo.com\/blog\/php\/sesiones-en-php\/\" target=\"_blank\" rel=\"noopener\">Sesiones<\/a><\/td>\n<td>\u00a0<a href=\"https:\/\/iscodigo.com\/blog\/objetos\/principios-solid\/\" target=\"_blank\" rel=\"noopener\">Principios SOLID<\/a><\/td>\n<\/tr>\n<tr>\n<td><a href=\"https:\/\/iscodigo.com\/blog\/php\/php-operadores\/\" target=\"_blank\" rel=\"noopener\">Operadores<\/a><\/td>\n<td><a href=\"https:\/\/iscodigo.com\/blog\/objetos\/objetos-abstraccion\/\" target=\"_blank\" rel=\"noopener\">Abstracci\u00f3n<\/a><\/td>\n<td><a href=\"https:\/\/iscodigo.com\/blog\/php\/cookies-en-php\/\" target=\"_blank\" rel=\"noopener\">Cookies<\/a><\/td>\n<td>\u00a0<\/td>\n<\/tr>\n<tr>\n<td><a href=\"https:\/\/iscodigo.com\/blog\/php\/php-sentencias-de-control\/\" target=\"_blank\" rel=\"noopener\">Sentencias de control<\/a><\/td>\n<td><a href=\"https:\/\/iscodigo.com\/blog\/objetos\/php-declaracion-de-clases-y-objetos\/\" target=\"_blank\" rel=\"noopener\">Definici\u00f3n de Clase y Objeto<\/a><\/td>\n<td><a href=\"https:\/\/iscodigo.com\/blog\/web\/manejo-de-url\/\" target=\"_blank\" rel=\"noopener\">URLs<\/a><\/td>\n<\/tr>\n<tr>\n<td><a href=\"https:\/\/iscodigo.com\/blog\/php\/php-funciones\/\" target=\"_blank\" rel=\"noopener\">Funciones<\/a><\/td>\n<td><a href=\"https:\/\/iscodigo.com\/blog\/objetos\/encapsulamiento\/\" target=\"_blank\" rel=\"noopener\">Encapsulamiento<\/a><\/td>\n<td>MVC<\/td>\n<\/tr>\n<tr>\n<td><a href=\"https:\/\/iscodigo.com\/blog\/php\/php-cadenas\/\" target=\"_blank\" rel=\"noopener\">Cadenas<\/a><\/td>\n<td><a href=\"https:\/\/iscodigo.com\/blog\/objetos\/php-declaracion-de-clases-y-objetos\/\" target=\"_blank\" rel=\"noopener\">Declaraci\u00f3n de Clases y Objetos<\/a><\/td>\n<\/tr>\n<tr>\n<td><a href=\"https:\/\/iscodigo.com\/blog\/php\/php-arreglos\/\" target=\"_blank\" rel=\"noopener\">Arreglos<\/a><\/td>\n<td>M\u00e9todos M\u00e1gicos I: construct, destruct<\/td>\n<\/tr>\n<tr>\n<td><a href=\"https:\/\/iscodigo.com\/blog\/php\/php-modulos\/\" target=\"_blank\" rel=\"noopener\">Require \/ Include<\/a><\/td>\n<td>M\u00e9todos M\u00e1gicos II: toString, get, set<\/td>\n<\/tr>\n<tr>\n<td>\u00a0<\/td>\n<td><a href=\"https:\/\/iscodigo.com\/blog\/objetos\/php-atributos-y-metodos-estaticos\/\" target=\"_blank\" rel=\"noopener\">Atributos y M\u00e9todos Est\u00e1ticos<\/a><\/td>\n<\/tr>\n<tr>\n<td>\u00a0<\/td>\n<td><a href=\"https:\/\/iscodigo.com\/blog\/php\/herencia\/\" target=\"_blank\" rel=\"noopener\">Herencia<\/a><\/td>\n<\/tr>\n<tr>\n<td>\u00a0<\/td>\n<td><a href=\"https:\/\/iscodigo.com\/blog\/objetos\/php-clases-abstractas\/\" target=\"_blank\" rel=\"noopener\">Clases abstractas<\/a><\/td>\n<\/tr>\n<tr>\n<td>\u00a0<\/td>\n<td><a href=\"https:\/\/iscodigo.com\/blog\/objetos\/php-interfaces\/\" target=\"_blank\" rel=\"noopener\">Interfaces<\/a><\/td>\n<\/tr>\n<tr>\n<td>\u00a0<\/td>\n<td><a href=\"https:\/\/iscodigo.com\/blog\/objetos\/polimorfismo\/\" target=\"_blank\" rel=\"noopener\">Polimorfismo<\/a><\/td>\n<\/tr>\n<tr>\n<td>\u00a0<\/td>\n<td><a href=\"https:\/\/iscodigo.com\/blog\/objetos\/agregacion-y-composicion\/\" target=\"_blank\" rel=\"noopener\">Agregaci\u00f3n y Composici\u00f3n<\/a><\/td>\n<\/tr>\n<tr>\n<td>\u00a0<\/td>\n<td><a href=\"https:\/\/iscodigo.com\/blog\/objetos\/asociacion\/\" target=\"_blank\" rel=\"noopener\">Asociaci\u00f3n<\/a><\/td>\n<\/tr>\n<tr>\n<td>\u00a0<\/td>\n<td><a href=\"https:\/\/iscodigo.com\/blog\/objetos\/dependencia\/\" target=\"_blank\" rel=\"noopener\">Dependencia<\/a><\/td>\n<\/tr>\n<\/tbody>\n<\/table>\n<\/div>\n<\/div>\n","protected":false},"excerpt":{"rendered":"<p>Introducci\u00f3n a PHP Programaci\u00f3n Orientada a Objetos(POO) Elementos Web Elementos Avanzados PHP Paradigmas de la Programaci\u00f3n Creaci\u00f3n de HTML Excepciones Instalaci\u00f3n de ambiente de trabajo Breve historia de la POO Formularios Archivos Tipos de datos Ventajas y desventajas de POO Subida de Archivos Serializaci\u00f3n Variables Introducci\u00f3n a UML Sesiones \u00a0Principios SOLID Operadores Abstracci\u00f3n Cookies \u00a0 [&hellip;]<\/p>\n","protected":false},"author":2,"featured_media":0,"parent":0,"menu_order":0,"comment_status":"closed","ping_status":"closed","template":"","meta":{"footnotes":""},"class_list":["post-1069","page","type-page","status-publish","hentry"],"jetpack_sharing_enabled":false,"jetpack-related-posts":[],"_links":{"self":[{"href":"https:\/\/iscodigo.com\/blog\/wp-json\/wp\/v2\/pages\/1069","targetHints":{"allow":["GET"]}}],"collection":[{"href":"https:\/\/iscodigo.com\/blog\/wp-json\/wp\/v2\/pages"}],"about":[{"href":"https:\/\/iscodigo.com\/blog\/wp-json\/wp\/v2\/types\/page"}],"author":[{"embeddable":true,"href":"https:\/\/iscodigo.com\/blog\/wp-json\/wp\/v2\/users\/2"}],"replies":[{"embeddable":true,"href":"https:\/\/iscodigo.com\/blog\/wp-json\/wp\/v2\/comments?post=1069"}],"version-history":[{"count":6,"href":"https:\/\/iscodigo.com\/blog\/wp-json\/wp\/v2\/pages\/1069\/revisions"}],"predecessor-version":[{"id":1517,"href":"https:\/\/iscodigo.com\/blog\/wp-json\/wp\/v2\/pages\/1069\/revisions\/1517"}],"wp:attachment":[{"href":"https:\/\/iscodigo.com\/blog\/wp-json\/wp\/v2\/media?parent=1069"}],"curies":[{"name":"wp","href":"https:\/\/api.w.org\/{rel}","templated":true}]}}